{"id":1095,"date":"2024-05-22T13:43:25","date_gmt":"2024-05-22T13:43:25","guid":{"rendered":"https:\/\/vilaadvocats.com\/politica-de-privadesa\/"},"modified":"2025-09-17T08:11:53","modified_gmt":"2025-09-17T08:11:53","slug":"politica-de-privacidad","status":"publish","type":"page","link":"https:\/\/vilaadvocats.com\/es\/politica-de-privacidad\/","title":{"rendered":"Pol\u00edtica de Privacidad"},"content":{"rendered":"\r\n<h2 class=\"wp-block-heading\" style=\"text-align: center;\">Pol\u00edtica de Privacidad<\/h2>\r\n<h5><strong>Responsable del Tratamiento<\/strong><\/h5>\r\n<p><strong>Domicilio social:<\/strong> Calle Bruguera n\u00ba 42, 2on, 08370 \u2013 Calella (Barcelona)<br \/><strong>NIF:<\/strong>\u00a0\u00a0J-63177232<br \/><strong>Tel\u00e9fono\u00a0<\/strong>: +34 937 661 303<br \/><strong>Correo Electr\u00f3nico:<\/strong>\u00a0info@vilaadvocats.com<\/p>\r\n<p>Inscrita en el Registro (Mercantil \/ P\u00fablico): Barcelona al Tomo 40853, folio 122, hoja B-377431 y en el Registro general de sociedades profesionales del ICAB con el n\u00famero 396.<\/p>\r\n<p>En <strong>VILA ADVOCATS ASSOCIATS, S.C<\/strong>,\u00a0reconocemos la importancia de proteger su informaci\u00f3n personal y estamos comprometidos a tratarla con responsabilidad y de conformidad con las leyes de protecci\u00f3n de datos.<\/p>\r\n<p>La presente pol\u00edtica de privacidad pretende regular todos los aspectos relativos al tratamiento de datos de los diferentes usuarios que navegan o facilitan sus datos personales a trav\u00e9s de los diferentes formularios situados en la web.<\/p>\r\n<h5>Datos Personales<\/h5>\r\n<p>Un dato personal es la informaci\u00f3n que le identifica o le hace identificable. A trav\u00e9s de la web, en las casillas establecidas al efecto recogemos los datos personales que el usuario nos comunica: nombre, apellidos, correo electr\u00f3nico, tel\u00e9fono, direcci\u00f3n postal, poblaci\u00f3n, etc., as\u00ed como todos aquellos datos que voluntariamente nos proporcione a trav\u00e9s de cualquier de las redes sociales de<br \/>las cuales el usuario est\u00e1 registrado. En este caso, la privacidad depender\u00e1 de la propia configuraci\u00f3n establecida por el usuario as\u00ed como de los t\u00e9rminos y condiciones de la propia red social.<\/p>\r\n<p>La visita del usuario a la web no implica que tenga que facilitar ninguna informaci\u00f3n sobre sus datos personales. No obstante, en caso de facilitarlos, los datos ser\u00e1n tratados de forma l\u00edcita con sujeci\u00f3n en todo momento a los principios y derechos recogidos en el RGPD 2016\/679 de 27 de abril de 2016 y la LOPDGDD 3\/2018 del 5 de diciembre.<\/p>\r\n<h5>Finalidad, duraci\u00f3n y legitimaci\u00f3n del tratamiento:<\/h5>\r\n<p>Los datos que el usuario nos proporcione los trataremos con las siguientes finalidades:<\/p>\r\n<ul>\r\n<li>Atender la solicitud o petici\u00f3n realizada por el usuario a trav\u00e9s del formulario de contacto situado en la web. Recogemos y tratamos los datos personales del usuario para poder tramitar y gestionar su solicitud, una consulta o cualquier petici\u00f3n que realiza a trav\u00e9s de dicho formulario. Estos datos los conservaremos durante el tiempo necesario para dar cumplimiento a su petici\u00f3n y durante el tiempo establecido por la ley con una duraci\u00f3n m\u00ednima de 3 a\u00f1os. La base de legitimaci\u00f3n del tratamiento de los datos ser\u00e1 el consentimiento que otorga el usuario al seleccionar la casilla de aceptaci\u00f3n de nuestra pol\u00edtica de privacidad antes de enviar la petici\u00f3n. El usuario tiene derecho a revocar su consentimiento en cualquier momento sin que ello afecte a la licitud del tratamiento basado en el consentimiento previo a su retirada.<\/li>\r\n<li>Mejorar su experiencia al navegar por la web. Estos datos los conservaremos mientras el usuario no revoque su consentimiento al tratamiento de los mismos eliminando las cookies y durante el tiempo establecido por la ley con una duraci\u00f3n m\u00ednima de 3 a\u00f1os. La base de legitimaci\u00f3n para mejorar su experiencia al navegar por la web es el consentimiento que otorga el usuario al aceptar las cookies. El usuario tiene derecho a revocar su consentimiento en cualquier momento sin que ello afecte a la solicitud del tratamiento basado en el consentimiento previo a su retirada.<\/li>\r\n<li>Gestionar nuestras redes sociales y enviarle informaci\u00f3n sobre nuestras actividades y productos. Estos datos los conservaremos mientras el usuario no revoque su consentimiento al tratamiento de los mismos y durante el tiempo establecido por la ley con una duraci\u00f3n m\u00ednima de 3 a\u00f1os. La base leg\u00edtima para gestionar nuestras redes sociales y enviarle nuestras actividades y novedades es el consentimiento que nos otorga para ello. El usuario tiene derecho a revocar su consentimiento en cualquier momento sin que ello afecte a la licitud del tratamiento basado en el consentimiento previo a su retirada.<\/li>\r\n<li>Gestionar el alta y participaci\u00f3n del usuario en el formulario de comentarios del blog situado en la web. Dichos comentarios ser\u00e1n gestionados por la plataforma WordPress. Los datos facilitados los conservaremos mientras el usuario no solicite la baja de la subscripci\u00f3n al contenido del blog y durante el tiempo establecido por la ley con una duraci\u00f3n m\u00ednima de 3 a\u00f1os. La base de legitimaci\u00f3n del tratamiento de los datos ser\u00e1 el consentimiento que otorga el usuario al registrarse a trav\u00e9s del formulario de comentarios del blog y al seleccionar la casilla de aceptaci\u00f3n de nuestra pol\u00edtica de privacidad antes de enviar su solicitud. El usuario tiene derecho a revocar su consentimiento en cualquier momento sin que ello afecte a la licitud del tratamiento basado en el consentimiento previo a su retirada.<\/li>\r\n<li>Enviar\u00a0<strong>comunicaciones, boletines o newsletters<\/strong> sobre productos de <strong>VILA ADVOCATS ASSOCIATS, S.C.,<\/strong>\u00a0Bajo el consentimiento del usuario recogemos y tratamos sus datos personales para poder enviarle informaci\u00f3n sobre nuestros productos y servicios. Estos datos los conservaremos mientras el usuario no revoque su consentimiento al tratamiento de los mismos y durante el tiempo establecido por la ley con una duraci\u00f3n m\u00ednima de 3 a\u00f1os. La base de legitimaci\u00f3n del tratamiento de los datos ser\u00e1 el consentimiento que otorga el usuario al seleccionar la casilla de aceptaci\u00f3n de nuestra pol\u00edtica de privacidad antes de suscribirse a la newsletter en formulario habilitado a tal efecto en la web. El usuario tiene derecho a revocar su consentimiento en cualquier momento sin que ello afecte a la licitud del tratamiento basado en el consentimiento previo a su retirada.<\/li>\r\n<li>Gestionar el\u00a0<strong>curr\u00edculum<\/strong>\u00a0remitido por la persona interesada a trav\u00e9s del formulario habilitado para tal efecto e incluirlo en la base de datos de candidatos de la empresa. Estos datos se tratar\u00e1n durante el plazo m\u00e1ximo de un a\u00f1o, transcurrido el cual, se proceder\u00e1 al bloqueo de los datos durante el tiempo establecido legalmente, garantiz\u00e1ndole un total respeto a la<br \/>confidencialidad tanto en el tratamiento como en su posterior destrucci\u00f3n. La base leg\u00edtima para gestionar y tratar el curr\u00edculum de la persona interesada es su consentimiento el cual manifiesta al realizar una acci\u00f3n afirmativa de env\u00edo del mismo y seleccionar la casilla de aceptaci\u00f3n de nuestra pol\u00edtica de privacidad previamente a su env\u00edo. El usuario tiene derecho a revocar su consentimiento en cualquier momento sin que ello afecte a la licitud del tratamiento basado en el consentimiento previo a su retirada.<\/li>\r\n<li>Gestionar las comunicaciones presentadas a trav\u00e9s del<strong>\u00a0canal de denuncias<\/strong>\u00a0implementado por el Responsable. Trataremos los datos personales (en caso que la comunicaci\u00f3n no sea an\u00f3nima) e informaci\u00f3n aportada por la persona interesada con la finalidad de gestionar y resolver la denuncia efectuada a trav\u00e9s del canal y al cual se accede a trav\u00e9s de la web.<\/li>\r\n<\/ul>\r\n<p>La base de legitimaci\u00f3n del tratamiento de los mismos es el cumplimiento de una misi\u00f3n realizada en inter\u00e9s p\u00fablico, as\u00ed como el cumplimiento de una obligaci\u00f3n legal. Los datos se conservar\u00e1n \u00fanicamente durante el tiempo imprescindible para decidir si procede o no iniciar una investigaci\u00f3n sobre los hechos denunciados. En todo caso, transcurridos tres meses<\/p>\r\n<p>desde la introducci\u00f3n de los datos, si la denuncia no ha prosperado, se podr\u00e1n conservar \u00fanicamente a efectos de dejar evidencia del sistema, de forma anonimizada. En caso de que la denuncia haya prosperado se proceder\u00e1 a su supresi\u00f3n y bloqueo del sistema de denuncias internas, conserv\u00e1ndose durante un per\u00edodo no superior a diez a\u00f1os. Los datos podr\u00e1n seguir siendo tratados por la autoridad y \u00f3rgano competente en caso de investigaci\u00f3n de los hechos denunciados.<\/p>\r\n<p>\u00danicamente se comunicar\u00e1n datos a terceros cuando resulte necesario para la adopci\u00f3n de medidas disciplinarias o para la tramitaci\u00f3n de los procedimientos judiciales que, en su caso procedan sin perjuicio de la notificaci\u00f3n a la autoridad competente de hechos constitutivos del il\u00edcito penal o administrativo.<\/p>\r\n<h5><strong>Cesi\u00f3n o comunicaci\u00f3n de datos personales y transferencias internacionales<\/strong><\/h5>\r\n<p>Sus datos no se comunicar\u00e1n ni ser\u00e1n cedidos a terceros, salvo que exista alguna obligaci\u00f3n legal o aquellos prestadores vinculados al Responsable que act\u00faan como encargados del tratamiento.<\/p>\r\n<p>Nuestros servidores est\u00e1n ubicados en la Uni\u00f3n Europea, y con car\u00e1cter general, contratamos prestadores de servicios ubicados tambi\u00e9n dentro del Espacio Econ\u00f3mico Europeo o en pa\u00edses que han sido declarados con un nivel adecuado de protecci\u00f3n.<\/p>\r\n<p>Si necesitamos utilizar proveedores de servicios externos que requieran la transmisi\u00f3n de datos personales fuera de la Uni\u00f3n Europea o en pa\u00edses que no han sido declarados con un nivel adecuado de protecci\u00f3n, nos aseguraremos de garantizar la seguridad y legitimidad del tratamiento de sus datos mediante decisiones de adecuaci\u00f3n, cl\u00e1usulas tipo, normas corporativas vinculantes,<br \/>excepciones o cualquier otro instrumento aprobado por la autoridad de control que ofrezca las garant\u00edas adecuadas para la realizaci\u00f3n de la transferencia internacional de datos.<\/p>\r\n<h5>Actualizaci\u00f3n de datos<\/h5>\r\n<p>Es importante que para que podamos mantener los datos personales actualizados, el usuario nos informe siempre que haya habido alguna modificaci\u00f3n en ellos, en caso contrario, no respondemos de la veracidad de los mismos.<\/p>\r\n<p>El usuario garantiza que los datos personales facilitados son veraces garantizando que toda la informaci\u00f3n facilitada corresponde con la situaci\u00f3n real, que est\u00e1 actualizada y es exacta, quedando obligado a comunicar cualquier modificaci\u00f3n.<\/p>\r\n<h5>Datos de Terceros<\/h5>\r\n<p>Si el usuario facilita datos de terceras personas para cualquier finalidad a <strong>VILA ADVOCATS ASSOCIATS, S.C<\/strong><strong>.,<\/strong>\u00a0garantiza que ha obtenido estos datos de forma l\u00edcita, que ha informado previamente a los afectados, obteniendo su consentimiento para comunicarlos y que la informaci\u00f3n facilitada es exacta y veraz.<\/p>\r\n<h5>Car\u00e1cter obligatorio de la informaci\u00f3n solicitada<\/h5>\r\n<p>Todos nuestros formularios cuentan con un asterisco (*) en los datos obligatorios. Si el usuario no facilita esos campos, o no marca la casilla de aceptaci\u00f3n de la pol\u00edtica de privacidad, no se permitir\u00e1 el env\u00edo de la informaci\u00f3n.<\/p>\r\n<h5>Uso de las contrase\u00f1as<\/h5>\r\n<p>Para poder acceder al \u00c1rea Privada, el USUARIO deber\u00e1 \u201cIniciar Sesi\u00f3n\u201d e incluir la direcci\u00f3n del correo electr\u00f3nico y contrase\u00f1a generada en el formulario de registro de acuerdo a las reglas de complejidad que se establezcan en cada momento en la web.<\/p>\r\n<p>Los usuarios son responsables de la adecuada custodia y confidencialidad de cualesquiera de los identificadores y\/o contrase\u00f1as que hayan seleccionado en el registro, y se comprometen a no ceder su uso a terceros, ni permitir su acceso a personas ajenas.<\/p>\r\n<p>Asimismo, ser\u00e1 obligaci\u00f3n del usuario notificar de forma inmediata al Responsable cualquier hecho que permita el uso indebido de los identificadores y\/o contrase\u00f1as, tales como el robo, el extrav\u00edo, o el acceso no autorizado a los mismos, con el fin de proceder a su inmediata cancelaci\u00f3n.<\/p>\r\n<h5>Derechos de los las personas interesadas<\/h5>\r\n<p>Tiene derecho a acceder a sus datos y a obtener confirmaci\u00f3n sobre su tratamiento, as\u00ed como una copia de los datos personales objeto de tratamiento. Tiene derecho a actualizarlos y solicitar la rectificaci\u00f3n de los datos que sean inexactos o solicitar la supresi\u00f3n cuando los datos no sean necesarios para los fines para los que fueron recabados. Puede solicitar la limitaci\u00f3n en el tratamiento de sus datos y oponerse al tratamiento de los mismos revocando su consentimiento, as\u00ed como ejercer el derecho a la portabilidad de los datos. Del mismo modo, tiene derecho a no ser objeto de decisiones basadas \u00fanicamente en el tratamiento automatizado de sus datos personales. Puede ejercer sus derechos contactando con nosotros info@vilaadvocats.com<strong><br \/><\/strong>Si considera que sus derechos no se han atendido debidamente, tiene derecho a presentar una reclamaci\u00f3n ante la autoridad de control en www.aepd.es.<\/p>\r\n<h5>Tratamiento de datos de Menores de edad<\/h5>\r\n<p>Quien facilita los datos a trav\u00e9s de los formularios de esta web y acepta su tratamiento declara ser mayor de 14 a\u00f1os, quedando prohibido el acceso y uso del portal a menores de dicha edad. Si en alg\u00fan momento, el Responsable detecta que un menor de 14 a\u00f1os ha proporcionado datos de car\u00e1cter personal, procederemos a la cancelaci\u00f3n de los mismos. Asimismo, los padres o tutores<br \/>podr\u00e1n en cualquier caso dirigirse a <strong>VILA ADVOCATS ASSOCIATS, S.C.,<\/strong> para bloquear la cuenta de acceso de los menores a su cargo que se hubieran registrado falseando su identidad.<\/p>\r\n<h5><strong>Redes sociales<\/strong><\/h5>\r\n<p>El objeto de las herramientas como Facebook, Twitter, Instagram, etc. u otras redes sociales es dar visibilidad y difusi\u00f3n a las actividades que desarrolla nuestra organizaci\u00f3n. Estas herramientas almacenan datos personales en los servidores de los servicios respectivos y se rigen por su propia pol\u00edtica de privacidad. Se recomienda la revisi\u00f3n y la lectura de las condiciones de uso y pol\u00edtica<br \/>de privacidad de la red social en el momento de registrarse, teniendo en cuenta las diferentes posibilidades de configuraci\u00f3n en relaci\u00f3n al grado de privacidad del perfil de usuario en la red social.<\/p>\r\n<p>Asimismo, el Responsable se reserva el derecho de eliminar de sus redes sociales cualquier informaci\u00f3n publicada por terceros que vulnere la legalidad, incite a hacerlo o contenga mensajes que atenten contra la dignidad de personas o instituciones. Como tambi\u00e9n el derecho a bloquear o denunciar el perfil autor de estos mensajes.<\/p>\r\n<h5>Tratamiento de Cookies<\/h5>\r\n<p>Una cookie es un peque\u00f1o archivo que se descarga y almacena en el ordenador del usuario cuando este accede a una p\u00e1gina web. Las Cookies permiten a la web, entre otras cosas, almacenar y recuperar informaci\u00f3n sobre los h\u00e1bitos de navegaci\u00f3n del usuario o de su equipo y, dependiendo de la informaci\u00f3n que contengan y de la forma en que utilice su equipo, pueden utilizarse para<br \/>reconocer al usuario.<\/p>\r\n<p>El usuario tiene la opci\u00f3n de impedir la generaci\u00f3n de cookies, mediante la selecci\u00f3n de la correspondiente opci\u00f3n en su programa de navegador. Puede obtener m\u00e1s informaci\u00f3n leyendo nuestra\u00a0<a href=\"https:\/\/vilaadvocats.com\/es\/politica-de-cookies\/\">Pol\u00edtica de Cookies.<\/a><\/p>\r\n<p>Fecha de actualizaci\u00f3n: 16\/05\/2024<\/p>","protected":false},"excerpt":{"rendered":"<p>Pol\u00edtica de Privacidad Responsable del Tratamiento Domicilio social: Calle Bruguera n\u00ba 42, 2on, 08370 \u2013 Calella (Barcelona)NIF:\u00a0\u00a0J-63177232Tel\u00e9fono\u00a0: +34 937 661 303Correo Electr\u00f3nico:\u00a0info@vilaadvocats.com Inscrita en el Registro (Mercantil \/ P\u00fablico): Barcelona al Tomo 40853, folio 122, hoja B-377431 y en el Registro general de sociedades profesionales del ICAB con el n\u00famero 396. En VILA ADVOCATS ASSOCIATS, [&hellip;]<\/p>\n","protected":false},"author":1,"featured_media":0,"parent":0,"menu_order":0,"comment_status":"closed","ping_status":"closed","template":"","meta":{"footnotes":""},"class_list":["post-1095","page","type-page","status-publish","hentry"],"yoast_head":"<!-- This site is optimized with the Yoast SEO plugin v27.3 - https:\/\/yoast.com\/product\/yoast-seo-wordpress\/ -->\n<title>Pol\u00edtica de Privacidad - vila advocats<\/title>\n<meta name=\"robots\" content=\"index, follow, max-snippet:-1, max-image-preview:large, max-video-preview:-1\" \/>\n<link rel=\"canonical\" href=\"https:\/\/vilaadvocats.com\/es\/politica-de-privacidad\/\" \/>\n<meta property=\"og:locale\" content=\"es_ES\" \/>\n<meta property=\"og:type\" content=\"article\" \/>\n<meta property=\"og:title\" content=\"Pol\u00edtica de Privacidad - vila advocats\" \/>\n<meta property=\"og:description\" content=\"Pol\u00edtica de Privacidad Responsable del Tratamiento Domicilio social: Calle Bruguera n\u00ba 42, 2on, 08370 \u2013 Calella (Barcelona)NIF:\u00a0\u00a0J-63177232Tel\u00e9fono\u00a0: +34 937 661 303Correo Electr\u00f3nico:\u00a0info@vilaadvocats.com Inscrita en el Registro (Mercantil \/ P\u00fablico): Barcelona al Tomo 40853, folio 122, hoja B-377431 y en el Registro general de sociedades profesionales del ICAB con el n\u00famero 396. En VILA ADVOCATS ASSOCIATS, [&hellip;]\" \/>\n<meta property=\"og:url\" content=\"https:\/\/vilaadvocats.com\/es\/politica-de-privacidad\/\" \/>\n<meta property=\"og:site_name\" content=\"vila advocats\" \/>\n<meta property=\"article:modified_time\" content=\"2025-09-17T08:11:53+00:00\" \/>\n<meta name=\"twitter:card\" content=\"summary_large_image\" \/>\n<meta name=\"twitter:label1\" content=\"Tiempo de lectura\" \/>\n\t<meta name=\"twitter:data1\" content=\"13 minutos\" \/>\n<script type=\"application\/ld+json\" class=\"yoast-schema-graph\">{\"@context\":\"https:\\\/\\\/schema.org\",\"@graph\":[{\"@type\":\"WebPage\",\"@id\":\"https:\\\/\\\/vilaadvocats.com\\\/es\\\/politica-de-privacidad\\\/\",\"url\":\"https:\\\/\\\/vilaadvocats.com\\\/es\\\/politica-de-privacidad\\\/\",\"name\":\"Pol\u00edtica de Privacidad - vila advocats\",\"isPartOf\":{\"@id\":\"https:\\\/\\\/vilaadvocats.com\\\/es\\\/#website\"},\"datePublished\":\"2024-05-22T13:43:25+00:00\",\"dateModified\":\"2025-09-17T08:11:53+00:00\",\"breadcrumb\":{\"@id\":\"https:\\\/\\\/vilaadvocats.com\\\/es\\\/politica-de-privacidad\\\/#breadcrumb\"},\"inLanguage\":\"es\",\"potentialAction\":[{\"@type\":\"ReadAction\",\"target\":[\"https:\\\/\\\/vilaadvocats.com\\\/es\\\/politica-de-privacidad\\\/\"]}]},{\"@type\":\"BreadcrumbList\",\"@id\":\"https:\\\/\\\/vilaadvocats.com\\\/es\\\/politica-de-privacidad\\\/#breadcrumb\",\"itemListElement\":[{\"@type\":\"ListItem\",\"position\":1,\"name\":\"Portada\",\"item\":\"https:\\\/\\\/vilaadvocats.com\\\/es\\\/home\\\/\"},{\"@type\":\"ListItem\",\"position\":2,\"name\":\"Pol\u00edtica de Privacidad\"}]},{\"@type\":\"WebSite\",\"@id\":\"https:\\\/\\\/vilaadvocats.com\\\/es\\\/#website\",\"url\":\"https:\\\/\\\/vilaadvocats.com\\\/es\\\/\",\"name\":\"vila advocats\",\"description\":\"\",\"potentialAction\":[{\"@type\":\"SearchAction\",\"target\":{\"@type\":\"EntryPoint\",\"urlTemplate\":\"https:\\\/\\\/vilaadvocats.com\\\/es\\\/?s={search_term_string}\"},\"query-input\":{\"@type\":\"PropertyValueSpecification\",\"valueRequired\":true,\"valueName\":\"search_term_string\"}}],\"inLanguage\":\"es\"}]}<\/script>\n<!-- \/ Yoast SEO plugin. -->","yoast_head_json":{"title":"Pol\u00edtica de Privacidad - vila advocats","robots":{"index":"index","follow":"follow","max-snippet":"max-snippet:-1","max-image-preview":"max-image-preview:large","max-video-preview":"max-video-preview:-1"},"canonical":"https:\/\/vilaadvocats.com\/es\/politica-de-privacidad\/","og_locale":"es_ES","og_type":"article","og_title":"Pol\u00edtica de Privacidad - vila advocats","og_description":"Pol\u00edtica de Privacidad Responsable del Tratamiento Domicilio social: Calle Bruguera n\u00ba 42, 2on, 08370 \u2013 Calella (Barcelona)NIF:\u00a0\u00a0J-63177232Tel\u00e9fono\u00a0: +34 937 661 303Correo Electr\u00f3nico:\u00a0info@vilaadvocats.com Inscrita en el Registro (Mercantil \/ P\u00fablico): Barcelona al Tomo 40853, folio 122, hoja B-377431 y en el Registro general de sociedades profesionales del ICAB con el n\u00famero 396. En VILA ADVOCATS ASSOCIATS, [&hellip;]","og_url":"https:\/\/vilaadvocats.com\/es\/politica-de-privacidad\/","og_site_name":"vila advocats","article_modified_time":"2025-09-17T08:11:53+00:00","twitter_card":"summary_large_image","twitter_misc":{"Tiempo de lectura":"13 minutos"},"schema":{"@context":"https:\/\/schema.org","@graph":[{"@type":"WebPage","@id":"https:\/\/vilaadvocats.com\/es\/politica-de-privacidad\/","url":"https:\/\/vilaadvocats.com\/es\/politica-de-privacidad\/","name":"Pol\u00edtica de Privacidad - vila advocats","isPartOf":{"@id":"https:\/\/vilaadvocats.com\/es\/#website"},"datePublished":"2024-05-22T13:43:25+00:00","dateModified":"2025-09-17T08:11:53+00:00","breadcrumb":{"@id":"https:\/\/vilaadvocats.com\/es\/politica-de-privacidad\/#breadcrumb"},"inLanguage":"es","potentialAction":[{"@type":"ReadAction","target":["https:\/\/vilaadvocats.com\/es\/politica-de-privacidad\/"]}]},{"@type":"BreadcrumbList","@id":"https:\/\/vilaadvocats.com\/es\/politica-de-privacidad\/#breadcrumb","itemListElement":[{"@type":"ListItem","position":1,"name":"Portada","item":"https:\/\/vilaadvocats.com\/es\/home\/"},{"@type":"ListItem","position":2,"name":"Pol\u00edtica de Privacidad"}]},{"@type":"WebSite","@id":"https:\/\/vilaadvocats.com\/es\/#website","url":"https:\/\/vilaadvocats.com\/es\/","name":"vila advocats","description":"","potentialAction":[{"@type":"SearchAction","target":{"@type":"EntryPoint","urlTemplate":"https:\/\/vilaadvocats.com\/es\/?s={search_term_string}"},"query-input":{"@type":"PropertyValueSpecification","valueRequired":true,"valueName":"search_term_string"}}],"inLanguage":"es"}]}},"_links":{"self":[{"href":"https:\/\/vilaadvocats.com\/es\/wp-json\/wp\/v2\/pages\/1095","targetHints":{"allow":["GET"]}}],"collection":[{"href":"https:\/\/vilaadvocats.com\/es\/wp-json\/wp\/v2\/pages"}],"about":[{"href":"https:\/\/vilaadvocats.com\/es\/wp-json\/wp\/v2\/types\/page"}],"author":[{"embeddable":true,"href":"https:\/\/vilaadvocats.com\/es\/wp-json\/wp\/v2\/users\/1"}],"replies":[{"embeddable":true,"href":"https:\/\/vilaadvocats.com\/es\/wp-json\/wp\/v2\/comments?post=1095"}],"version-history":[{"count":4,"href":"https:\/\/vilaadvocats.com\/es\/wp-json\/wp\/v2\/pages\/1095\/revisions"}],"predecessor-version":[{"id":1181,"href":"https:\/\/vilaadvocats.com\/es\/wp-json\/wp\/v2\/pages\/1095\/revisions\/1181"}],"wp:attachment":[{"href":"https:\/\/vilaadvocats.com\/es\/wp-json\/wp\/v2\/media?parent=1095"}],"curies":[{"name":"wp","href":"https:\/\/api.w.org\/{rel}","templated":true}]}}